{"id":21808,"date":"2025-01-13T15:31:52","date_gmt":"2025-01-13T15:31:52","guid":{"rendered":"https:\/\/oxcadatresources.com\/?page_id=21808"},"modified":"2025-05-27T14:08:36","modified_gmt":"2025-05-27T14:08:36","slug":"therapy-materials-spanish","status":"publish","type":"page","link":"https:\/\/oxcadatresources.com\/ukr\/therapy-materials-spanish\/","title":{"rendered":"Therapy Materials- Spanish"},"content":{"rendered":"<p class=\"wp-block-paragraph\">The following translated PTSD therapy materials have been translated using a combination of DeepL (including back-translation) and academics fluent in English and the translated language. The translations have not been validated. There may be mistakes. If you notice any errors, please contact us at <a href=\"mailto:oxcadatfeedback@gmail.com\"><mark style=\"background-color:rgba(0, 0, 0, 0);color:#20aec8\" class=\"has-inline-color\">oxcadatfeedback@gmail.com<\/mark><\/a>. \/ Los siguientes materiales traducidos sobre la terapia del TEPT han sido traducidos utilizando una combinaci\u00f3n de DeepL (incluida la retraducci\u00f3n) y acad\u00e9micos con dominio del ingl\u00e9s y del idioma traducido. Las traducciones no han sido validadas. Pueden contener errores. Si detecta alg\u00fan error, p\u00f3ngase en contacto con nosotros en <a href=\"mailto:oxcadatfeedback@gmail.com\"><mark style=\"background-color:rgba(0, 0, 0, 0);color:#20aec8\" class=\"has-inline-color\">oxcadatfeedback@gmail.com<\/mark><\/a>.<\/p>\n\n\n\n<p class=\"wp-block-paragraph\"><\/p>\n\n\n\n<p class=\"wp-block-paragraph\"><a href=\"https:\/\/oxcadatresources.com\/wp-content\/uploads\/2024\/07\/Behaviour-Experiments-recordHOJA-DE-REGISTRO-DE-EXPERIMENTOS-CONDUCTUALES.docx\"><mark style=\"background-color:rgba(0, 0, 0, 0);color:#20aec8\" class=\"has-inline-color\">Behaviour Experiments record\/HOJA DE REGISTRO DE EXPERIMENTOS CONDUCTUALES<\/mark><\/a><\/p>\n\n\n\n<p class=\"wp-block-paragraph\"><\/p>\n\n\n\n<p class=\"wp-block-paragraph\"><a href=\"https:\/\/oxcadatresources.com\/wp-content\/uploads\/2024\/07\/Supporting-a-site-visit-F-F-Ayudar-a-alguien-a-realizar-una-visita.docx\"><mark style=\"background-color:rgba(0, 0, 0, 0);color:#20aec8\" class=\"has-inline-color\">Supporting a site visit F &amp; F Ayudar a alguien a realizar una visita<\/mark><\/a><\/p>\n\n\n\n<p class=\"wp-block-paragraph\"><\/p>\n\n\n\n<p class=\"wp-block-paragraph\"><a href=\"https:\/\/oxcadatresources.com\/wp-content\/uploads\/2024\/07\/Supporting-someone-Then-vs-Now-Apoyar-a-alguien-para-que-ejerza-ENTONCES-frente-a-AHORA.docx\"><mark style=\"background-color:rgba(0, 0, 0, 0);color:#20aec8\" class=\"has-inline-color\">Supporting someone Then vs Now Apoyar a alguien para que ejerza ENTONCES frente a AHORA<\/mark><\/a><\/p>\n\n\n\n<p class=\"wp-block-paragraph\"><\/p>\n\n\n\n<p class=\"wp-block-paragraph\"><a href=\"https:\/\/oxcadatresources.com\/wp-content\/uploads\/2024\/07\/Therapy-Blueprint-SU-BLUEPRINT.docx\"><mark style=\"background-color:rgba(0, 0, 0, 0);color:#20aec8\" class=\"has-inline-color\">Therapy Blueprint SU BLUEPRINT<\/mark><\/a><\/p>\n\n\n\n<p class=\"wp-block-paragraph\"><\/p>\n\n\n\n<p class=\"wp-block-paragraph\"><a href=\"https:\/\/oxcadatresources.com\/wp-content\/uploads\/2024\/07\/Understanding-complex-PTSD-FFEntender-el-trastorno-de-estres-postraumatico-complejo.docx\"><mark style=\"background-color:rgba(0, 0, 0, 0);color:#20aec8\" class=\"has-inline-color\">Understanding complex PTSD F&amp;FEntender el trastorno de estr\u00e9s postraum\u00e1tico complejo<\/mark><\/a><\/p>\n\n\n\n<p class=\"wp-block-paragraph\"><\/p>\n\n\n\n<p class=\"wp-block-paragraph\"><a href=\"https:\/\/oxcadatresources.com\/wp-content\/uploads\/2024\/07\/Understading-complex-PTSDEntender-el-trastorno-de-estres-postraumatico-complejo.docx\"><mark style=\"background-color:rgba(0, 0, 0, 0);color:#20aec8\" class=\"has-inline-color\">Understading complex PTSD\/Entender el trastorno de estr\u00e9s postraum\u00e1tico complejo<\/mark><\/a><\/p>\n\n\n\n<p class=\"wp-block-paragraph\"><\/p>\n\n\n\n<p class=\"wp-block-paragraph\"><a href=\"https:\/\/oxcadatresources.com\/wp-content\/uploads\/2024\/07\/Actualizar-mi-punto-caliente-Updating-hotspots.docx\"><mark style=\"background-color:rgba(0, 0, 0, 0);color:#20aec8\" class=\"has-inline-color\">Actualizar mi punto caliente\/ Updating hotspots<\/mark><\/a><\/p>\n\n\n\n<p class=\"wp-block-paragraph\"><\/p>","protected":false},"excerpt":{"rendered":"<p>The following translated PTSD therapy materials have been translated using a combination of DeepL (including back-translation) and academics fluent in English and the translated language. The translations have not been validated. There may be mistakes. If you notice any errors, please contact us at oxcadatfeedback@gmail.com. \/ Los siguientes materiales traducidos sobre la terapia del TEPT [&hellip;]<\/p>\n","protected":false},"author":1,"featured_media":0,"parent":0,"menu_order":0,"comment_status":"closed","ping_status":"closed","template":"","meta":{"_crdt_document":"","advanced_seo_description":"","jetpack_seo_html_title":"","jetpack_seo_noindex":false,"footnotes":""},"class_list":["post-21808","page","type-page","status-publish","hentry"],"jetpack_sharing_enabled":true,"jetpack_shortlink":"https:\/\/wp.me\/P9BYdm-5FK","jetpack_likes_enabled":true,"amp_enabled":true,"_links":{"self":[{"href":"https:\/\/oxcadatresources.com\/ukr\/wp-json\/wp\/v2\/pages\/21808","targetHints":{"allow":["GET"]}}],"collection":[{"href":"https:\/\/oxcadatresources.com\/ukr\/wp-json\/wp\/v2\/pages"}],"about":[{"href":"https:\/\/oxcadatresources.com\/ukr\/wp-json\/wp\/v2\/types\/page"}],"author":[{"embeddable":true,"href":"https:\/\/oxcadatresources.com\/ukr\/wp-json\/wp\/v2\/users\/1"}],"replies":[{"embeddable":true,"href":"https:\/\/oxcadatresources.com\/ukr\/wp-json\/wp\/v2\/comments?post=21808"}],"version-history":[{"count":3,"href":"https:\/\/oxcadatresources.com\/ukr\/wp-json\/wp\/v2\/pages\/21808\/revisions"}],"predecessor-version":[{"id":24212,"href":"https:\/\/oxcadatresources.com\/ukr\/wp-json\/wp\/v2\/pages\/21808\/revisions\/24212"}],"wp:attachment":[{"href":"https:\/\/oxcadatresources.com\/ukr\/wp-json\/wp\/v2\/media?parent=21808"}],"curies":[{"name":"wp","href":"https:\/\/api.w.org\/{rel}","templated":true}]}}