{"id":17803,"date":"2024-06-26T11:18:22","date_gmt":"2024-06-26T11:18:22","guid":{"rendered":"https:\/\/oxcadatresources.com\/?page_id=17803"},"modified":"2025-05-27T14:00:57","modified_gmt":"2025-05-27T14:00:57","slug":"ptsd-questionnaires-german-versions","status":"publish","type":"page","link":"https:\/\/oxcadatresources.com\/ukr\/ptsd-questionnaires-german-versions\/","title":{"rendered":"PTSD Questionnaires- German versions"},"content":{"rendered":"<p class=\"wp-block-paragraph\">The following translated PTSD therapy materials have been translated using a combination of DeepL (including back-translation) and academics fluent in English and the translated language. The translations have not been validated. There may be mistakes. If you notice any errors, please contact us at <a href=\"mailto:oxcadatfeedback@gmail.com\"><mark style=\"background-color:rgba(0, 0, 0, 0);color:#20aec8\" class=\"has-inline-color\">oxcadatfeedback@gmail.com<\/mark><\/a>. \/ Die folgenden \u00fcbersetzten Materialien zur PTBS-Therapie wurden mithilfe einer Kombination aus DeepL (einschlie\u00dflich R\u00fcck\u00fcbersetzung) und akademischen Fachleuten, die sowohl Englisch als auch die Zielsprache flie\u00dfend beherrschen, \u00fcbersetzt. Die \u00dcbersetzungen wurden nicht validiert. Es k\u00f6nnen Fehler enthalten sein. Wenn Sie Fehler feststellen, wenden Sie sich bitte an <a href=\"mailto:oxcadatfeedback@gmail.com\"><\/a><a href=\"mailto:oxcadatfeedback@gmail.com\"><mark style=\"background-color:rgba(0, 0, 0, 0);color:#20aec8\" class=\"has-inline-color\">oxcadatfeedback@gmail.com<\/mark><\/a>.<\/p>\n\n\n\n<p class=\"wp-block-paragraph\"><\/p>\n\n\n\n<p class=\"wp-block-paragraph\"><a href=\"https:\/\/oxcadatresources.com\/wp-content\/uploads\/2024\/06\/Cognitive-Processing-Questionnaire-Deutsch.docx\"><mark style=\"background-color:rgba(0, 0, 0, 0);color:#20aec8\" class=\"has-inline-color\">Fragebogen zur kognitiven Verarbeitung\/Cognitive Processing Questionnaire<\/mark><\/a><\/p>\n\n\n\n<p class=\"wp-block-paragraph\"><a href=\"https:\/\/oxcadatresources.com\/wp-content\/uploads\/2024\/06\/IES-R_Fragebogen_Auswertung.docx\"><mark style=\"background-color:rgba(0, 0, 0, 0);color:#20aec8\" class=\"has-inline-color\">Skala der Auswirkungen von Ereignissen &#8211; \u00fcberarbeitet\/Impact of Events Scale &#8211; revised (IES-r)<\/mark><\/a><\/p>\n\n\n\n<p class=\"wp-block-paragraph\"><a href=\"https:\/\/oxcadatresources.com\/wp-content\/uploads\/2024\/06\/ITQ_German-Version.docx\"><mark style=\"background-color:rgba(0, 0, 0, 0);color:#20aec8\" class=\"has-inline-color\">Internationaler Trauma-Fragebogen (ITQ)\/International Trauma Questionnaire (ITQ)<\/mark><\/a><\/p>\n\n\n\n<p class=\"wp-block-paragraph\"><a href=\"https:\/\/oxcadatresources.com\/wp-content\/uploads\/2024\/06\/MDQ-full-German-Gedanken-und-Gefuhle-wahrend-eines-Traumas.docx\"><mark style=\"background-color:rgba(0, 0, 0, 0);color:#20aec8\" class=\"has-inline-color\">Fragebogen zur mentalen Defeat (MDQ)\/ Mental Defeat Questionnaire (MDQ)<\/mark><\/a><\/p>\n\n\n\n<p class=\"wp-block-paragraph\"><a href=\"https:\/\/oxcadatresources.com\/wp-content\/uploads\/2024\/06\/MDQs-German-Gedanken-und-Gefuhle-wahrend-eines-Traumas.docx\"><mark style=\"background-color:rgba(0, 0, 0, 0);color:#20aec8\" class=\"has-inline-color\">Fragebogen zur mentalen Defeat (MDQs)\/Mental Defeat Questionnaire Short  (MDQs)<\/mark><\/a><\/p>\n\n\n\n<p class=\"wp-block-paragraph\"><a href=\"https:\/\/oxcadatresources.com\/wp-content\/uploads\/2024\/06\/PCL-5_German_Ehring.docx\"><mark style=\"background-color:rgba(0, 0, 0, 0);color:#20aec8\" class=\"has-inline-color\">Posttraumatische Belastungsst\u00f6rung-Checkliste f\u00fcr DSM-5 (PCL-5)\/ PTSD Checklist for DSM-5 (PCL-5)<\/mark><\/a><\/p>\n\n\n\n<p class=\"wp-block-paragraph\"><a href=\"https:\/\/oxcadatresources.com\/wp-content\/uploads\/2024\/06\/PTCI-full-German-Inventar-posttraumatischer-Kognitionen-.docx\"><mark style=\"background-color:rgba(0, 0, 0, 0);color:#20aec8\" class=\"has-inline-color\">Post-Traumatisches Kognitionsinventar (PTCI)\/Post- Traumatic Cognitions Inventory (PTCI)<\/mark><\/a><\/p>\n\n\n\n<p class=\"wp-block-paragraph\"><a href=\"https:\/\/oxcadatresources.com\/wp-content\/uploads\/2024\/06\/PTCI_short_German-Inventar-posttraumatischer-Kognitionen.docx\"><mark style=\"background-color:rgba(0, 0, 0, 0);color:#20aec8\" class=\"has-inline-color\">Post-Traumatisches Kognitionsinventar kurz (PTCI-s)\/Post- Traumatic Cognitions Inventory short (PTCI-s)<\/mark><\/a><\/p>\n\n\n\n<p class=\"wp-block-paragraph\"><a href=\"https:\/\/oxcadatresources.com\/wp-content\/uploads\/2024\/06\/RIQ-German-Antworten-auf-Erinnerungen.docx\"><mark style=\"background-color:rgba(0, 0, 0, 0);color:#20aec8\" class=\"has-inline-color\">Fragebogen zur Reaktion auf Eingriffe (RIQ)\/ Response to Intrusions Questionnaire (RIQ)<\/mark><\/a><\/p>\n\n\n\n<p class=\"wp-block-paragraph\"><a href=\"https:\/\/oxcadatresources.com\/wp-content\/uploads\/2024\/06\/RIQs-German-Reaktion-auf-Einbruche-kurz.docx\"><mark style=\"background-color:rgba(0, 0, 0, 0);color:#20aec8\" class=\"has-inline-color\">Fragebogen zur Reaktion auf Eingriffe (RIQs)\/ Response to Intrusions Questionnaire short (RIQs)<\/mark><\/a><\/p>\n\n\n\n<p class=\"wp-block-paragraph\"><a href=\"https:\/\/oxcadatresources.com\/wp-content\/uploads\/2024\/06\/SBQ-German-Vorkehrungen-nach-Trauma.docx\"><mark style=\"background-color:rgba(0, 0, 0, 0);color:#20aec8\" class=\"has-inline-color\">Fragebogen zum Sicherheitsverhalten (SBQ)\/ Safety Behaviour Questionnaire (SBQ)<\/mark><\/a><\/p>\n\n\n\n<p class=\"wp-block-paragraph\"><a href=\"https:\/\/oxcadatresources.com\/wp-content\/uploads\/2024\/06\/SBQs-German-Fragebogen-zum-Sicherheitsverhalten-kurz.docx\"><mark style=\"background-color:rgba(0, 0, 0, 0);color:#20aec8\" class=\"has-inline-color\">Fragebogen zum Sicherheitsverhalten (SBQs)\/Safety Behaviour Questionnaire short  (SBQs)<\/mark><\/a><\/p>\n\n\n\n<p class=\"wp-block-paragraph\"><a href=\"https:\/\/oxcadatresources.com\/wp-content\/uploads\/2024\/06\/SBQ-Traffic-German-SBQ-Verkehr.docx\"><mark style=\"background-color:rgba(0, 0, 0, 0);color:#20aec8\" class=\"has-inline-color\">Fragebogen zum Sicherheitsverhalten im Stra\u00dfenverkehr (SBQ Verkehr)\/Safety Behaviour Questionnaire Traffic (SBQ Traffic)<\/mark><\/a><\/p>\n\n\n\n<p class=\"wp-block-paragraph\"><a style=\"caret-color: rgb(0, 0, 0); font-size: revert; white-space: normal;\" href=\"https:\/\/oxcadatresources.com\/wp-content\/uploads\/2024\/06\/TSDQ-German-Fragebogen-zum-Zustand-der-Dissoziation.docx\"><mark style=\"background-color:rgba(0, 0, 0, 0);color:#20aec8\" class=\"has-inline-color\">Trait State Dissociation Questionnaire (TDSQ)Trait State Dissociation Questionnaire (TDSQ)<\/mark><\/a><\/p>\n\n\n\n<p class=\"wp-block-paragraph\"><a href=\"https:\/\/oxcadatresources.com\/wp-content\/uploads\/2024\/06\/Unwanted-Memories-German-UNERWUNSCHTE-ERINNERUNGEN-AN-DAS-TRAUMA.docx\"><mark style=\"background-color:rgba(0, 0, 0, 0);color:#20aec8\" class=\"has-inline-color\">Fragebogen zu unerw\u00fcnschten Erinnerungen (MQ)\/ Unwanted Memories Questionnaire (MQ)<\/mark><\/a><\/p>\n\n\n\n<p class=\"wp-block-paragraph\"><\/p>","protected":false},"excerpt":{"rendered":"<p>The following translated PTSD therapy materials have been translated using a combination of DeepL (including back-translation) and academics fluent in English and the translated language. The translations have not been validated. There may be mistakes. If you notice any errors, please contact us at oxcadatfeedback@gmail.com. \/ Die folgenden \u00fcbersetzten Materialien zur PTBS-Therapie wurden mithilfe einer [&hellip;]<\/p>\n","protected":false},"author":1,"featured_media":0,"parent":0,"menu_order":0,"comment_status":"closed","ping_status":"closed","template":"","meta":{"_crdt_document":"","advanced_seo_description":"","jetpack_seo_html_title":"","jetpack_seo_noindex":false,"footnotes":""},"class_list":["post-17803","page","type-page","status-publish","hentry"],"jetpack_sharing_enabled":true,"jetpack_shortlink":"https:\/\/wp.me\/P9BYdm-4D9","jetpack_likes_enabled":true,"amp_enabled":true,"_links":{"self":[{"href":"https:\/\/oxcadatresources.com\/ukr\/wp-json\/wp\/v2\/pages\/17803","targetHints":{"allow":["GET"]}}],"collection":[{"href":"https:\/\/oxcadatresources.com\/ukr\/wp-json\/wp\/v2\/pages"}],"about":[{"href":"https:\/\/oxcadatresources.com\/ukr\/wp-json\/wp\/v2\/types\/page"}],"author":[{"embeddable":true,"href":"https:\/\/oxcadatresources.com\/ukr\/wp-json\/wp\/v2\/users\/1"}],"replies":[{"embeddable":true,"href":"https:\/\/oxcadatresources.com\/ukr\/wp-json\/wp\/v2\/comments?post=17803"}],"version-history":[{"count":15,"href":"https:\/\/oxcadatresources.com\/ukr\/wp-json\/wp\/v2\/pages\/17803\/revisions"}],"predecessor-version":[{"id":24204,"href":"https:\/\/oxcadatresources.com\/ukr\/wp-json\/wp\/v2\/pages\/17803\/revisions\/24204"}],"wp:attachment":[{"href":"https:\/\/oxcadatresources.com\/ukr\/wp-json\/wp\/v2\/media?parent=17803"}],"curies":[{"name":"wp","href":"https:\/\/api.w.org\/{rel}","templated":true}]}}